{"id":4601,"date":"2024-10-05T17:47:17","date_gmt":"2024-10-05T15:47:17","guid":{"rendered":"https:\/\/afriboneguinee.tech\/?page_id=4078"},"modified":"2024-11-27T11:18:10","modified_gmt":"2024-11-27T10:18:10","slug":"nos-solutions","status":"publish","type":"page","link":"http:\/\/www.afribone.net.gn\/?page_id=4601","title":{"rendered":"Nos Solutions"},"content":{"rendered":"<p>[et_pb_section fb_built=\u00a0\u00bb1&Prime; custom_padding_last_edited=\u00a0\u00bbon|phone\u00a0\u00bb module_class=\u00a0\u00bbdig_about_hero\u00a0\u00bb _builder_version=\u00a0\u00bb4.27.2&Prime; _module_preset=\u00a0\u00bbdefault\u00a0\u00bb background_color=\u00a0\u00bbrgba(244,92,32,0.05)\u00a0\u00bb background_image=\u00a0\u00bbhttp:\/\/www.afribone.net.gn\/wp-content\/uploads\/2024\/10\/B.jpg\u00a0\u00bb custom_margin=\u00a0\u00bb-110px||||false|false\u00a0\u00bb custom_margin_tablet=\u00a0\u00bb-87px||||false|false\u00a0\u00bb custom_margin_phone=\u00a0\u00bb-87px||||false|false\u00a0\u00bb custom_margin_last_edited=\u00a0\u00bbon|phone\u00a0\u00bb custom_padding=\u00a0\u00bb279px||182px||false|false\u00a0\u00bb custom_padding_tablet=\u00a0\u00bb167px||80px||false|false\u00a0\u00bb custom_padding_phone=\u00a0\u00bb147px||60px||false|false\u00a0\u00bb background_last_edited=\u00a0\u00bboff|desktop\u00a0\u00bb background_enable_image_phone=\u00a0\u00bboff\u00a0\u00bb locked=\u00a0\u00bboff\u00a0\u00bb global_colors_info=\u00a0\u00bb{}\u00a0\u00bb custom_css_main_element_last_edited=\u00a0\u00bbon|tablet\u00a0\u00bb custom_css_main_element_tablet=\u00a0\u00bbbackground-color: rgba(244,92,32,0.05)!important;\u00a0\u00bb custom_css_main_element_phone=\u00a0\u00bbbackground-color: rgba(244,92,32,0.05)!important;\u00a0\u00bb][et_pb_row column_structure=\u00a0\u00bb3_4,1_4&Prime; _builder_version=\u00a0\u00bb4.27.3&Prime; _module_preset=\u00a0\u00bbdefault\u00a0\u00bb width=\u00a0\u00bb90%\u00a0\u00bb custom_padding=\u00a0\u00bb11px||11px||true|false\u00a0\u00bb custom_css_main_element=\u00a0\u00bbdisplay:flex;||align-items:center;\u00a0\u00bb global_colors_info=\u00a0\u00bb{}\u00a0\u00bb custom_css_main_element_last_edited=\u00a0\u00bbon|phone\u00a0\u00bb custom_css_main_element_phone=\u00a0\u00bbdisplay:block;\u00a0\u00bb custom_css_main_element_tablet=\u00a0\u00bbdisplay:flex;||align-items:center;\u00a0\u00bb][et_pb_column type=\u00a0\u00bb3_4&Prime; _builder_version=\u00a0\u00bb4.27.3&Prime; _module_preset=\u00a0\u00bbdefault\u00a0\u00bb custom_css_main_element=\u00a0\u00bbdisplay:flex;||flex-wrap:wrap;||width:80%!important;||column-gap:10px;\u00a0\u00bb global_colors_info=\u00a0\u00bb{}\u00a0\u00bb custom_css_main_element_last_edited=\u00a0\u00bbon|phone\u00a0\u00bb custom_css_main_element_phone=\u00a0\u00bbdisplay:flex;||flex-wrap:wrap;||text-align:center!important;||width:100%;||column-gap:10px;\u00a0\u00bb custom_css_main_element_tablet=\u00a0\u00bbdisplay:flex;||flex-wrap:wrap;||column-gap:10px;\u00a0\u00bb][et_pb_button button_url=\u00a0\u00bb@ET-DC@eyJkeW5hbWljIjp0cnVlLCJjb250ZW50IjoiaG9tZV91cmwiLCJzZXR0aW5ncyI6e319@\u00a0\u00bb button_text=\u00a0\u00bbAccueil\u00a0\u00bb button_alignment_tablet=\u00a0\u00bb\u00a0\u00bb button_alignment_phone=\u00a0\u00bbright\u00a0\u00bb button_alignment_last_edited=\u00a0\u00bbon|phone\u00a0\u00bb _builder_version=\u00a0\u00bb4.27.3&Prime; _dynamic_attributes=\u00a0\u00bbbutton_url\u00a0\u00bb _module_preset=\u00a0\u00bbdefault\u00a0\u00bb custom_button=\u00a0\u00bbon\u00a0\u00bb button_text_size=\u00a0\u00bb16px\u00a0\u00bb button_text_color=\u00a0\u00bb#383838&Prime; button_bg_color=\u00a0\u00bbRGBA(255,255,255,0)\u00a0\u00bb button_border_radius=\u00a0\u00bb0px\u00a0\u00bb button_use_icon=\u00a0\u00bboff\u00a0\u00bb custom_margin=\u00a0\u00bb||0px||false|false\u00a0\u00bb custom_padding=\u00a0\u00bb0px|16px|0px|0px|true|false\u00a0\u00bb button_bg_color_last_edited=\u00a0\u00bboff|desktop\u00a0\u00bb button_border_width_tablet=\u00a0\u00bb\u00a0\u00bb button_border_width_phone=\u00a0\u00bb\u00a0\u00bb button_border_width_last_edited=\u00a0\u00bbon|desktop\u00a0\u00bb custom_css_main_element=\u00a0\u00bbborder-width: 0 1px 0 0!important;||\tborder-right: 1px solid #383838!important;||    font-weight: 400;||line-height:26px!important;\u00a0\u00bb global_colors_info=\u00a0\u00bb{}\u00a0\u00bb button_bg_color__hover_enabled=\u00a0\u00bboff|hover\u00a0\u00bb button_bg_color__hover=\u00a0\u00bbRGBA(255,255,255,0)\u00a0\u00bb button_bg_enable_color__hover=\u00a0\u00bbon\u00a0\u00bb button_border_width__hover_enabled=\u00a0\u00bbon|desktop\u00a0\u00bb custom_css_main_element_last_edited=\u00a0\u00bboff|desktop\u00a0\u00bb custom_css_main_element__hover_enabled=\u00a0\u00bbon|desktop\u00a0\u00bb custom_css_main_element__hover=\u00a0\u00bbborder-width: 0 1px 0 0;||\tborder-right: 1px solid #383838;||    font-weight: 400;||line-height:26px!important;\u00a0\u00bb][\/et_pb_button][et_pb_button button_url=\u00a0\u00bb@ET-DC@eyJkeW5hbWljIjp0cnVlLCJjb250ZW50IjoicG9zdF9saW5rX3VybCIsInNldHRpbmdzIjp7fX0=@\u00a0\u00bb button_text=\u00a0\u00bb@ET-DC@eyJkeW5hbWljIjp0cnVlLCJjb250ZW50IjoicG9zdF90aXRsZSIsInNldHRpbmdzIjp7ImJlZm9yZSI6IiIsImFmdGVyIjoiIn19@\u00a0\u00bb _builder_version=\u00a0\u00bb4.21.0&Prime; _dynamic_attributes=\u00a0\u00bbbutton_text,button_url\u00a0\u00bb _module_preset=\u00a0\u00bbdefault\u00a0\u00bb custom_button=\u00a0\u00bbon\u00a0\u00bb button_text_size=\u00a0\u00bb16px\u00a0\u00bb button_text_color=\u00a0\u00bb#383838&Prime; button_bg_color=\u00a0\u00bbRGBA(255,255,255,0)\u00a0\u00bb button_border_width=\u00a0\u00bb0px\u00a0\u00bb button_border_radius=\u00a0\u00bb0px\u00a0\u00bb button_use_icon=\u00a0\u00bboff\u00a0\u00bb custom_margin=\u00a0\u00bb||0px||false|false\u00a0\u00bb custom_padding=\u00a0\u00bb0px|0px|0px|0px|true|true\u00a0\u00bb button_border_width_last_edited=\u00a0\u00bboff|desktop\u00a0\u00bb custom_css_main_element=\u00a0\u00bb font-weight: 400;||line-height:26px!important;\u00a0\u00bb global_colors_info=\u00a0\u00bb{}\u00a0\u00bb button_bg_color__hover_enabled=\u00a0\u00bboff|hover\u00a0\u00bb button_bg_color__hover=\u00a0\u00bbRGBA(255,255,255,0)\u00a0\u00bb button_bg_enable_color__hover=\u00a0\u00bbon\u00a0\u00bb custom_css_main_element_last_edited=\u00a0\u00bboff|desktop\u00a0\u00bb custom_css_main_element_phone=\u00a0\u00bb||\u00a0\u00bb custom_css_after__hover_enabled=\u00a0\u00bboff|desktop\u00a0\u00bb custom_css_main_element__hover_enabled=\u00a0\u00bbon|desktop\u00a0\u00bb button_border_width__hover_enabled=\u00a0\u00bboff|desktop\u00a0\u00bb custom_css_main_element__hover=\u00a0\u00bb font-weight: 400;||line-height:26px!important;\u00a0\u00bb][\/et_pb_button][et_pb_blurb title=\u00a0\u00bb@ET-DC@eyJkeW5hbWljIjp0cnVlLCJjb250ZW50IjoicG9zdF90aXRsZSIsInNldHRpbmdzIjp7ImJlZm9yZSI6IiIsImFmdGVyIjoiIn19@\u00a0\u00bb content_max_width=\u00a0\u00bb100%\u00a0\u00bb _builder_version=\u00a0\u00bb4.21.0&Prime; _dynamic_attributes=\u00a0\u00bbtitle\u00a0\u00bb _module_preset=\u00a0\u00bbdefault\u00a0\u00bb header_level=\u00a0\u00bbh1&Prime; header_font=\u00a0\u00bb|700|||||||\u00a0\u00bb header_font_size=\u00a0\u00bb36px\u00a0\u00bb header_line_height=\u00a0\u00bb46px\u00a0\u00bb width=\u00a0\u00bb100%\u00a0\u00bb custom_margin=\u00a0\u00bb10px||||false|false\u00a0\u00bb custom_css_blurb_title=\u00a0\u00bbcolor: var(&#8211;color1);||padding:0;\u00a0\u00bb global_colors_info=\u00a0\u00bb{}\u00a0\u00bb][\/et_pb_blurb][\/et_pb_column][et_pb_column type=\u00a0\u00bb1_4&Prime; module_class=\u00a0\u00bbdig_video\u00a0\u00bb _builder_version=\u00a0\u00bb4.18.0&Prime; _module_preset=\u00a0\u00bbdefault\u00a0\u00bb custom_css_main_element=\u00a0\u00bbwidth:20%!important;\u00a0\u00bb global_colors_info=\u00a0\u00bb{}\u00a0\u00bb custom_css_main_element_last_edited=\u00a0\u00bbon|phone\u00a0\u00bb custom_css_main_element_phone=\u00a0\u00bbwidth:100%!important;\u00a0\u00bb custom_css_main_element_tablet=\u00a0\u00bbwidth:20%!important;\u00a0\u00bb][\/et_pb_column][\/et_pb_row][\/et_pb_section][et_pb_section fb_built=\u00a0\u00bb1&Prime; custom_padding_last_edited=\u00a0\u00bbon|phone\u00a0\u00bb module_id=\u00a0\u00bbdig_faq_section\u00a0\u00bb module_class=\u00a0\u00bbdig_faq_section\u00a0\u00bb _builder_version=\u00a0\u00bb4.18.0&Prime; _module_preset=\u00a0\u00bbdefault\u00a0\u00bb z_index=\u00a0\u00bb0&Prime; custom_padding=\u00a0\u00bb50px||100px||false|false\u00a0\u00bb custom_padding_tablet=\u00a0\u00bb40px||80px||false|false\u00a0\u00bb custom_padding_phone=\u00a0\u00bb30px||60px||false|false\u00a0\u00bb custom_css_main_element=\u00a0\u00bbz-index:0 !important;\u00a0\u00bb locked=\u00a0\u00bboff\u00a0\u00bb global_colors_info=\u00a0\u00bb{}\u00a0\u00bb][et_pb_row column_structure=\u00a0\u00bb3_5,2_5&Prime; _builder_version=\u00a0\u00bb4.18.0&Prime; _module_preset=\u00a0\u00bbdefault\u00a0\u00bb width=\u00a0\u00bb90%\u00a0\u00bb custom_padding=\u00a0\u00bb0px||0px||true|false\u00a0\u00bb custom_css_main_element=\u00a0\u00bbdisplay:flex;||align-items:center;\u00a0\u00bb global_colors_info=\u00a0\u00bb{}\u00a0\u00bb custom_css_main_element_last_edited=\u00a0\u00bbon|tablet\u00a0\u00bb custom_css_main_element_tablet=\u00a0\u00bbdisplay:block;\u00a0\u00bb custom_css_main_element_phone=\u00a0\u00bbdisplay:block;\u00a0\u00bb][et_pb_column type=\u00a0\u00bb3_5&Prime; _builder_version=\u00a0\u00bb4.18.0&Prime; _module_preset=\u00a0\u00bbdefault\u00a0\u00bb custom_css_main_element=\u00a0\u00bbmargin-right:28px!important;\u00a0\u00bb global_colors_info=\u00a0\u00bb{}\u00a0\u00bb custom_css_main_element_last_edited=\u00a0\u00bbon|tablet\u00a0\u00bb custom_css_main_element_tablet=\u00a0\u00bbmargin-right:0px!important;\u00a0\u00bb custom_css_main_element_phone=\u00a0\u00bbmargin-right:0px!important;\u00a0\u00bb][et_pb_accordion toggle_icon=\u00a0\u00bb&#xf078;||fa||900&Prime; _builder_version=\u00a0\u00bb4.27.3&Prime; _module_preset=\u00a0\u00bbdefault\u00a0\u00bb toggle_font=\u00a0\u00bbQuicksand||||||||\u00a0\u00bb body_font=\u00a0\u00bbPoppins||||||||\u00a0\u00bb hover_enabled=\u00a0\u00bb0&Prime; custom_css_toggle=\u00a0\u00bbmargin-bottom:27px!important;\u00a0\u00bb custom_css_toggle_title=\u00a0\u00bbfont-weight: 700;||font-size: 24px;||line-height: 34px;||color: #383838;||padding: 0 20px 0 0;||\u00a0\u00bb custom_css_toggle_content=\u00a0\u00bbfont-weight: 400;||font-size: 16px;||line-height: 26px;||color: #383838;||padding-top: 14px;\u00a0\u00bb border_width_all=\u00a0\u00bb0px\u00a0\u00bb border_width_bottom=\u00a0\u00bb1px\u00a0\u00bb global_colors_info=\u00a0\u00bb{}\u00a0\u00bb custom_css_toggle_title_last_edited=\u00a0\u00bbon|phone\u00a0\u00bb custom_css_toggle_title_phone=\u00a0\u00bbfont-weight: 700;||font-size: 20px;||line-height: 30px;||color: #383838;||padding: 0 20px 0 0;||\u00a0\u00bb custom_css_toggle_title_tablet=\u00a0\u00bbfont-weight: 700;||font-size: 24px;||line-height: 34px;||color: #383838;||padding: 0 20px 0 0;||\u00a0\u00bb sticky_enabled=\u00a0\u00bb0&Prime;][et_pb_accordion_item title=\u00a0\u00bbGrands Comptes\u00a0\u00bb open=\u00a0\u00bbon\u00a0\u00bb _builder_version=\u00a0\u00bb4.27.3&Prime; _module_preset=\u00a0\u00bbdefault\u00a0\u00bb hover_enabled=\u00a0\u00bb0&Prime; global_colors_info=\u00a0\u00bb{}\u00a0\u00bb sticky_enabled=\u00a0\u00bb0&Prime;]<\/p>\n<p style=\"text-align: justify;\">Forts de notre exp\u00e9rience en mati\u00e8re de connectivit\u00e9 Internet et r\u00e9seau, nous mettons \u00e0 la disposition de nos clients B2B et institutionnels des solutions d\u2019acc\u00e8s fiables offrant la meilleure qualit\u00e9 de service (QoS) et d\u2019exp\u00e9rience (QoE). Les m\u00e9canismes de redondance mis en place nous permettent de garantir nos engagements en termes de disponibilit\u00e9 de service conform\u00e9ment aux accords de niveau de service (SLA) et aux indicateurs cl\u00e9s de performance.<\/p>\n<p>[\/et_pb_accordion_item][et_pb_accordion_item title=\u00a0\u00bbPME\u00a0\u00bb _builder_version=\u00a0\u00bb4.27.3&Prime; _module_preset=\u00a0\u00bbdefault\u00a0\u00bb hover_enabled=\u00a0\u00bb0&Prime; global_colors_info=\u00a0\u00bb{}\u00a0\u00bb open=\u00a0\u00bboff\u00a0\u00bb sticky_enabled=\u00a0\u00bb0&Prime;]<\/p>\n<p style=\"text-align: justify;\">Nous proposons \u00e0 nos clients PME des solutions d\u2019acc\u00e8s Internet s\u00e9curis\u00e9 et fiable, \u00e0 tr\u00e8s haut d\u00e9bit. Nous leur offrons du choix et de la flexibilit\u00e9 en mati\u00e8re de technologies afin de leur permettre de choisir la solution qui correspond le mieux \u00e0 leur activit\u00e9. Notre objectif est de fournir la meilleure exp\u00e9rience de connectivit\u00e9 possible.<\/p>\n<p>[\/et_pb_accordion_item][et_pb_accordion_item title=\u00a0\u00bbParticuliers &#038; R\u00e9sidentiels\u00a0\u00bb _builder_version=\u00a0\u00bb4.27.3&Prime; _module_preset=\u00a0\u00bbdefault\u00a0\u00bb hover_enabled=\u00a0\u00bb0&Prime; global_colors_info=\u00a0\u00bb{}\u00a0\u00bb open=\u00a0\u00bboff\u00a0\u00bb sticky_enabled=\u00a0\u00bb0&Prime;]<\/p>\n<p style=\"text-align: justify;\">Nous proposons une gamme compl\u00e8te d&rsquo;offres Internet \u00e0 tr\u00e8s haut d\u00e9bit, en volume illimit\u00e9 et \u00e0 tarifs comp\u00e9titifs, con\u00e7ues pour r\u00e9pondre \u00e0 tous les besoins en mati\u00e8re de connectivit\u00e9 des familles. Nous r\u00e9pondons aux demandes d\u2019activation de service en moins de 48 heures.<\/p>\n<p>[\/et_pb_accordion_item][\/et_pb_accordion][\/et_pb_column][et_pb_column type=\u00a0\u00bb2_5&Prime; _builder_version=\u00a0\u00bb4.18.0&Prime; _module_preset=\u00a0\u00bbdefault\u00a0\u00bb global_colors_info=\u00a0\u00bb{}\u00a0\u00bb][et_pb_image src=\u00a0\u00bbhttp:\/\/www.afribone.net.gn\/wp-content\/uploads\/2024\/11\/xaorange-white-earth-globe-connected-with-three-computer-micexa-scaled-2.jpg\u00a0\u00bb alt=\u00a0\u00bbfaq-img\u00a0\u00bb title_text=\u00a0\u00bbThe World connected in orange\u00a0\u00bb force_fullwidth=\u00a0\u00bbon\u00a0\u00bb _builder_version=\u00a0\u00bb4.27.3&Prime; _module_preset=\u00a0\u00bbdefault\u00a0\u00bb hover_enabled=\u00a0\u00bb0&Prime; global_colors_info=\u00a0\u00bb{}\u00a0\u00bb sticky_enabled=\u00a0\u00bb0&Prime;][\/et_pb_image][\/et_pb_column][\/et_pb_row][\/et_pb_section]<\/p>\n","protected":false},"excerpt":{"rendered":"<p>Forts de notre exp\u00e9rience en mati\u00e8re de connectivit\u00e9 Internet et r\u00e9seau, nous mettons \u00e0 la disposition de nos clients B2B et institutionnels des solutions d\u2019acc\u00e8s fiables offrant la meilleure qualit\u00e9 de service (QoS) et d\u2019exp\u00e9rience (QoE). Les m\u00e9canismes de redondance mis en place nous permettent de garantir nos engagements en termes de disponibilit\u00e9 de service [&hellip;]<\/p>\n","protected":false},"author":1,"featured_media":0,"parent":0,"menu_order":0,"comment_status":"closed","ping_status":"closed","template":"","meta":{"_et_pb_use_builder":"on","_et_pb_old_content":"","_et_gb_content_width":"","footnotes":""},"class_list":["post-4601","page","type-page","status-publish","hentry"],"_links":{"self":[{"href":"http:\/\/www.afribone.net.gn\/index.php?rest_route=\/wp\/v2\/pages\/4601","targetHints":{"allow":["GET"]}}],"collection":[{"href":"http:\/\/www.afribone.net.gn\/index.php?rest_route=\/wp\/v2\/pages"}],"about":[{"href":"http:\/\/www.afribone.net.gn\/index.php?rest_route=\/wp\/v2\/types\/page"}],"author":[{"embeddable":true,"href":"http:\/\/www.afribone.net.gn\/index.php?rest_route=\/wp\/v2\/users\/1"}],"replies":[{"embeddable":true,"href":"http:\/\/www.afribone.net.gn\/index.php?rest_route=%2Fwp%2Fv2%2Fcomments&post=4601"}],"version-history":[{"count":2,"href":"http:\/\/www.afribone.net.gn\/index.php?rest_route=\/wp\/v2\/pages\/4601\/revisions"}],"predecessor-version":[{"id":4677,"href":"http:\/\/www.afribone.net.gn\/index.php?rest_route=\/wp\/v2\/pages\/4601\/revisions\/4677"}],"wp:attachment":[{"href":"http:\/\/www.afribone.net.gn\/index.php?rest_route=%2Fwp%2Fv2%2Fmedia&parent=4601"}],"curies":[{"name":"wp","href":"https:\/\/api.w.org\/{rel}","templated":true}]}}